{"id":2249,"date":"2024-10-27T12:12:46","date_gmt":"2024-10-27T10:12:46","guid":{"rendered":"https:\/\/test-aejf.cerf-web.fr\/?page_id=2249"},"modified":"2024-10-27T12:12:46","modified_gmt":"2024-10-27T10:12:46","slug":"assemblee-generale","status":"publish","type":"page","link":"https:\/\/test-aejf.cerf-web.fr\/fr\/assemblee-generale","title":{"rendered":"Assembl\u00e9e g\u00e9n\u00e9rale"},"content":{"rendered":"","protected":false},"excerpt":{"rendered":"","protected":false},"author":296,"featured_media":0,"parent":0,"menu_order":0,"comment_status":"closed","ping_status":"closed","template":"","meta":{"_locale":"fr_FR","_original_post":"https:\/\/test-aejf.cerf-web.fr\/?page_id=2247","footnotes":""},"class_list":["post-2249","page","type-page","status-publish","hentry","fr-FR"],"_links":{"self":[{"href":"https:\/\/test-aejf.cerf-web.fr\/wp-json\/wp\/v2\/pages\/2249","targetHints":{"allow":["GET"]}}],"collection":[{"href":"https:\/\/test-aejf.cerf-web.fr\/wp-json\/wp\/v2\/pages"}],"about":[{"href":"https:\/\/test-aejf.cerf-web.fr\/wp-json\/wp\/v2\/types\/page"}],"author":[{"embeddable":true,"href":"https:\/\/test-aejf.cerf-web.fr\/wp-json\/wp\/v2\/users\/296"}],"replies":[{"embeddable":true,"href":"https:\/\/test-aejf.cerf-web.fr\/wp-json\/wp\/v2\/comments?post=2249"}],"version-history":[{"count":1,"href":"https:\/\/test-aejf.cerf-web.fr\/wp-json\/wp\/v2\/pages\/2249\/revisions"}],"predecessor-version":[{"id":2252,"href":"https:\/\/test-aejf.cerf-web.fr\/wp-json\/wp\/v2\/pages\/2249\/revisions\/2252"}],"wp:attachment":[{"href":"https:\/\/test-aejf.cerf-web.fr\/wp-json\/wp\/v2\/media?parent=2249"}],"curies":[{"name":"wp","href":"https:\/\/api.w.org\/{rel}","templated":true}]}}