{"id":1840,"date":"2024-10-20T10:35:32","date_gmt":"2024-10-20T08:35:32","guid":{"rendered":"https:\/\/test-aejf.cerf-web.fr\/?page_id=1840"},"modified":"2025-03-14T17:41:06","modified_gmt":"2025-03-14T15:41:06","slug":"payment","status":"publish","type":"page","link":"https:\/\/test-aejf.cerf-web.fr\/fr\/aejf\/payment","title":{"rendered":"Cotisation, Frais d\u2019adh\u00e9sion, Frais de participation aux conf\u00e9rences-ateliers"},"content":{"rendered":"\n<p>(Si vous \u00eates nouvel adh\u00e9rent, veuillez d\u2019abord remplir le\u00a0<a href=\"https:\/\/test-aejf.cerf-web.fr\/fr\/association-des-enseignants-de-japonais-en-france-aejf\/devenir-membre\" data-type=\"page\" data-id=\"1791\">formulaire d\u2019adh\u00e9sion<\/a>)<\/p>\n\n\n\n<p>Vous pouvez effectuer votre paiement par&nbsp;<strong>virement bancaire<\/strong>, ou par&nbsp;<strong>carte bancaire<\/strong>&nbsp;sur la plateforme HelloAsso.<\/p>\n\n\n\n<p class=\"alert alert-info\">Les cotisations sont valables du 1er janvier au 31 d\u00e9cembre de l\u2019ann\u00e9e en cours, quelle que soit la date d\u2019adh\u00e9sion.<\/p>\n\n\n\n<h2 class=\"wp-block-heading\">Frais&nbsp;d\u2019adh\u00e9sion<\/h2>\n\n\n\n<p>Personne physique : 15 \u20ac<br>\u00c9tudiant (moins de 26 ans) : 10 \u20ac<\/p>\n\n\n\n<h2 class=\"wp-block-heading\">Cotisation annuelle<\/h2>\n\n\n\n<p>Personne physique :\u300030 \u20ac\u3000<br>Etudiant (moins de 26 ans)\uff1a14 \u20ac\u3000<\/p>\n\n\n\n<p>Membre bienfaiteur : 75 \u20ac<\/p>\n\n\n\n<h2 class=\"wp-block-heading\">Frais de participation \u00e0 une conf\u00e9rence-atelier<\/h2>\n\n\n\n<p>Membre : gratuit<br>Non-membre : 10 \u20ac<br>Non-membre (\u00e9tudiant moins de 26 ans) : 5 \u20ac<\/p>\n\n\n\n<h2 class=\"wp-block-heading\">Frais de participation aux 9\u00e8mes journ\u00e9es d&rsquo;\u00e9tude et de formation<\/h2>\n\n\n\n<p>Membre de l&rsquo;AEJF : Gratuit<br>Non-membre pour les deux jours : 20 \u20ac<br>Non-membre pour un seul jour : 15 \u20ac<br>Non-membre (\u00e9tudiant\u00b7e moins de 26 ans) pour les deux jours (sur justificatif) : 10 \u20ac<br>Non-membre (\u00e9tudiant\u00b7e moins de 26 ans) pour un seul jour (sur justificatif) : 7,5 \u20ac<br>D\u00e9jeuners pour les deux jours : 30 \u20ac<br>D\u00e9jeuner pour un seul jour : 15 \u20ac<br>D\u00eener-r\u00e9ception du jeudi 29 mai : 35 \u20ac<\/p>\n\n\n\n<h2 class=\"wp-block-heading\">Mode de paiement<\/h2>\n\n\n\n<nav>\n  <div class=\"nav nav-tabs\" id=\"nav-tab\" role=\"tablist\">\n    <button class=\"nav-link active\" id=\"nav-bankwire-tab\" data-bs-toggle=\"tab\" data-bs-target=\"#nav-bankwire\" type=\"button\" role=\"tab\" aria-controls=\"nav-bankwire\" aria-selected=\"true\">Virement bancaire<\/button>\n    <button class=\"nav-link\" id=\"nav-card-tab\" data-bs-toggle=\"tab\" data-bs-target=\"#nav-card\" type=\"button\" role=\"tab\" aria-controls=\"nav-card\" aria-selected=\"false\">Paiement par carte bancaire<\/button>\n  <\/div>\n<\/nav>\n\n\n\n<div class=\"wp-block-group tab-content is-layout-constrained wp-block-group-is-layout-constrained\">\n<div id=\"nav-bankwire\" class=\"wp-block-group tab-pane fade show active is-layout-constrained wp-block-group-is-layout-constrained\">\n<div id=\"nav-bankwire\" class=\"wp-block-group tab-pane fade show active pt-3 px-3 is-layout-constrained wp-block-group-is-layout-constrained\">\n<p>Les frais de virement bancaire sont \u00e0 la charge de l\u2019\u00e9metteur.<br>Nous vous prions de bien vouloir pr\u00e9ciser sur le libell\u00e9 du virement le pr\u00e9nom, le nom, et l\u2019ann\u00e9e de cotisation.<\/p>\n\n\n\n<h3 class=\"wp-block-heading\">RELEV\u00c9 D\u2019IDENTIT\u00c9 BANCAIRE<\/h3>\n\n\n\n<p>Domiciliation : <strong>La Banque Postale<\/strong><br>Agence :&nbsp;<strong>La Banque Postale, Centre Financier<\/strong><br>Adresse de la banque :&nbsp;<strong>45900 La Source Cedex9, FRANCE<\/strong><br>IBAN :&nbsp;<strong>FR80 2004 1010 1237 8492 0J03 396<\/strong>&nbsp;(tous les \u00ab&nbsp;0&nbsp;\u00bb sont des z\u00e9ros)<br>Code B.I.C. :&nbsp;<strong>PSSTFRPPSCE<\/strong><br>Titulaire du compte :&nbsp;<strong>Association des Enseignants de Japonais en France (AEJF)<\/strong><br>Adresse du titulaire : c\/o&nbsp;<strong>UFR LCAO, Case 7009, Universit\u00e9 Paris Cit\u00e9, 5 rue Thomas Mann, 75205 Paris Cedex 13, France<\/strong><\/p>\n\n\n<div class='w3eden'><!-- WPDM Link Template: Default Template -->\n\n<div class=\"link-template-default card mb-2\">\n    <div class=\"card-body\">\n        <div class=\"media\">\n            <div class=\"mr-3 img-48\"><img decoding=\"async\" class=\"wpdm_icon\" alt=\"Ic\u00f4ne\" src=\"https:\/\/test-aejf.cerf-web.fr\/wp-content\/plugins\/download-manager\/assets\/file-type-icons\/pdf.svg\" \/><\/div>\n            <div class=\"media-body\">\n                <h3 class=\"package-title\"><a href='https:\/\/test-aejf.cerf-web.fr\/download\/aejf-iban-bic'>AEJF IBAN BIC<\/a><\/h3>\n                <div class=\"text-muted text-small\"><i class=\"fas fa-copy\"><\/i> 1 fichier\u00b7s <i class=\"fas fa-hdd ml-3\"><\/i> 90.67 KB<\/div>\n            <\/div>\n            <div class=\"ml-3\">\n                <a class='wpdm-download-link download-on-click btn btn-primary ' rel='nofollow' href='#' data-downloadurl=\"https:\/\/test-aejf.cerf-web.fr\/download\/aejf-iban-bic?wpdmdl=1550&refresh=69e2670a8b2cd1776445194\">T\u00e9l\u00e9charger<\/a>\n            <\/div>\n        <\/div>\n    <\/div>\n<\/div>\n\n<\/div>\n<\/div>\n<\/div>\n\n\n\n<div class=\"tab-pane fade pt-3 px-3\" id=\"nav-card\">\n<p>Les paiements par carte bancaire s\u2019effectuent sur le site HelloAsso.<\/p>\n\n<p>\u21d2 <a href=\"https:\/\/www.helloasso.com\/associations\/association-des-enseignants-de-japonais-en-france\/adhesions\/paiement-de-cotisation-associative\" target=\"_blank\" rel=\"noopener\">Paiement des frais d\u2019adh\u00e9sion et\/ou de la cotisation annuelle<\/a><\/p>\n\n<p>\u21d2 <a href=\"https:\/\/www.helloasso.com\/associations\/association-des-enseignants-de-japonais-en-france\/adhesions\/participation-a-une-conference-atelier\" target=\"_blank\" rel=\"noopener\">Paiement des frais de participation \u00e0 une conf\u00e9rence-atelier<\/a><\/p>\n\n<p>\u21d2 <a href=\"https:\/\/www.helloasso.com\/associations\/association-des-enseignants-de-japonais-en-france\/adhesions\/frais-de-participation-aux-9es-journees-de-formation-2025\"\ntarget=\"_blank\" rel=\"noopener\">Paiement des frais de participation aux 9es journ\u00e9es de formation<\/a><\/p>\n<\/div>\n<\/div>\n\n\n\n<p><\/p>\n","protected":false},"excerpt":{"rendered":"<p>(Si vous \u00eates nouvel adh\u00e9rent, veuillez d\u2019abord remplir le\u00a0formulaire d\u2019adh\u00e9sion) Vous pouvez effectuer votre  [&hellip;]<\/p>\n","protected":false},"author":296,"featured_media":0,"parent":1785,"menu_order":0,"comment_status":"closed","ping_status":"closed","template":"","meta":{"_locale":"fr_FR","_original_post":"https:\/\/test-aejf.cerf-web.fr\/?page_id=1794","footnotes":""},"class_list":["post-1840","page","type-page","status-publish","hentry","fr-FR"],"_links":{"self":[{"href":"https:\/\/test-aejf.cerf-web.fr\/wp-json\/wp\/v2\/pages\/1840","targetHints":{"allow":["GET"]}}],"collection":[{"href":"https:\/\/test-aejf.cerf-web.fr\/wp-json\/wp\/v2\/pages"}],"about":[{"href":"https:\/\/test-aejf.cerf-web.fr\/wp-json\/wp\/v2\/types\/page"}],"author":[{"embeddable":true,"href":"https:\/\/test-aejf.cerf-web.fr\/wp-json\/wp\/v2\/users\/296"}],"replies":[{"embeddable":true,"href":"https:\/\/test-aejf.cerf-web.fr\/wp-json\/wp\/v2\/comments?post=1840"}],"version-history":[{"count":14,"href":"https:\/\/test-aejf.cerf-web.fr\/wp-json\/wp\/v2\/pages\/1840\/revisions"}],"predecessor-version":[{"id":2603,"href":"https:\/\/test-aejf.cerf-web.fr\/wp-json\/wp\/v2\/pages\/1840\/revisions\/2603"}],"up":[{"embeddable":true,"href":"https:\/\/test-aejf.cerf-web.fr\/wp-json\/wp\/v2\/pages\/1785"}],"wp:attachment":[{"href":"https:\/\/test-aejf.cerf-web.fr\/wp-json\/wp\/v2\/media?parent=1840"}],"curies":[{"name":"wp","href":"https:\/\/api.w.org\/{rel}","templated":true}]}}