{"id":1791,"date":"2024-10-19T20:47:10","date_gmt":"2024-10-19T18:47:10","guid":{"rendered":"https:\/\/test-aejf.cerf-web.fr\/?page_id=1791"},"modified":"2025-03-14T18:16:18","modified_gmt":"2025-03-14T16:16:18","slug":"devenir-membre","status":"publish","type":"page","link":"https:\/\/test-aejf.cerf-web.fr\/fr\/aejf\/devenir-membre","title":{"rendered":"Devenir membre"},"content":{"rendered":"\n<p>Pour devenir membre, il suffit de remplir le formulaire suivant et d&rsquo;effectuer votre r\u00e8glement. Vous pouvez consulter <a href=\"https:\/\/test-aejf.cerf-web.fr\/fr\/association-des-enseignants-de-japonais-en-france-aejf\/\" data-type=\"page\" data-id=\"1785\">l&rsquo;objectif de l\u2019Association des Enseignants de Japonais en France<\/a>, ainsi que la <a href=\"https:\/\/test-aejf.cerf-web.fr\/fr\/privacy_policy\" data-type=\"page\" data-id=\"2449\" target=\"_blank\" rel=\"noreferrer noopener\">politique de confidentialit\u00e9<\/a> concernant le traitement des informations personnelles. <\/p>\n\n\n\n<p>Veuillez noter que l&rsquo;inscription est valable pour l&rsquo;ann\u00e9e en cours (du 1er janvier au 31 d\u00e9cembre).<\/p>\n\n\n\n<h2 class=\"wp-block-heading\">1) Formulaire d\u2019adh\u00e9sion<\/h2>\n\n\n\n<p>Veuillez postuler en utilisant le formulaire ci-dessous :<\/p>\n\n\n\n<blockquote class=\"blockquote\" class=\"wp-block-quote is-layout-flow wp-block-quote-is-layout-flow\"><form class=\"member-form change-listner\" id=\"enr-application-form\">\n\t<div class=\"row mb-3\">\n\t\t<label for=\"select-classification\" class=\"col-lg-3 col-form-label\">Cat\u00e9gorie<\/label>\n\t\t<div class=\"col-lg-9\">\n\t\t\t<select class=\"form-control cl-target\" id=\"select-classification\" name=\"classification\">\n\t\t\t\t<option value=\"3\" selected>Personne physique<\/option>\n\t\t\t\t<option value=\"4\">\u00c9tudiant (moins de 26 ans)<\/option>\n\t\t\t\t<option value=\"5\">Membre bienfaiteur<\/option>\n\t\t\t<\/select>\n\t\t<\/div>\n\t<\/div>\n\t<div class=\"row mb-3\">\n\t\t<label for=\"select-gender\" class=\"col-lg-3 col-form-label\">Titre<\/label>\n\t\t<div class=\"col-lg-9\">\n\t\t\t<select class=\"form-control cl-target\" id=\"select-gender\" name=\"gender\">\n\t\t\t\t<option value=\"f\" selected>Madame<\/option>\n\t\t\t\t<option value=\"m\">Monsieur<\/option>\n\t\t\t<\/select>\n\t\t<\/div>\n\t<\/div>\n\t<div class=\"row mb-3\">\n\t\t<label for=\"input-surname-k\" class=\"col-lg-3 col-form-label\">Nom (Kanji \/ kana)<\/label>\n\t\t<div class=\"col-lg-9\">\n\t\t\t<div class=\"input-group\">\n\t\t\t\t<input type=\"text\" class=\"form-control border-normal cl-target\" id=\"input-surname-k\" name=\"surname_k\" value=\"\" data-initial=\"\" placeholder=\"\u59d3\" required>\n\t\t\t\t<input type=\"text\" class=\"form-control border-normal cl-target\" name=\"name_k\" value=\"\" data-initial=\"\" placeholder=\"\u540d\" required>\n\t\t\t<\/div>\n\t\t<\/div>\n\t<\/div>\n\t<div class=\"row mb-3\">\n\t\t<label for=\"input-surname-a\" class=\"col-lg-3 col-form-label\">Nom (Alphabet)<\/label>\n\t\t<div class=\"col-lg-9\">\n\t\t\t<div class=\"input-group\">\n\t\t\t\t<input type=\"text\" class=\"form-control border-normal cl-target\" id=\"input-surname-a\" name=\"surname_a\" value=\"\" data-initial=\"\" placeholder=\"Nom\" required>\n\t\t\t\t<input type=\"text\" class=\"form-control border-normal cl-target\" name=\"name_a\" value=\"\" data-initial=\"\" placeholder=\"Pr\u00e9nom\" required>\n\t\t\t<\/div>\n\t\t<\/div>\n\t<\/div>\n\t<div class=\"row mb-3\">\n\t\t<label for=\"input-address\" class=\"col-lg-3 col-form-label\">Adresse<\/label>\n\t\t<div class=\"col-lg-9\">\n\t\t\t<input type=\"text\" class=\"form-control cl-target\" id=\"input-address\" name=\"address\" value=\"\" data-initial=\"\" required>\n\t\t<\/div>\n\t<\/div>\n\t<div class=\"row mb-3\">\n\t\t<label for=\"input-address2\" class=\"col-lg-3 col-form-label\">Adresse (2e ligne) (facultatif)<\/label>\n\t\t<div class=\"col-lg-9\">\n\t\t\t<input type=\"text\" class=\"form-control cl-target\" id=\"input-address2\" name=\"address2\" value=\"\" data-initial=\"\">\n\t\t<\/div>\n\t<\/div>\n\t<div class=\"row mb-3\">\n\t\t<label for=\"input-postal-code\" class=\"col-lg-3 col-form-label\">Code postal<\/label>\n\t\t<div class=\"col-lg-9\">\n\t\t\t<input type=\"text\" class=\"form-control cl-target\" id=\"input-postal-code\" name=\"postal_code\" value=\"\" data-initial=\"\" required>\n\t\t<\/div>\n\t<\/div>\n\t<div class=\"row mb-3\">\n\t\t<label for=\"input-city\" class=\"col-lg-3 col-form-label\">Ville<\/label>\n\t\t<div class=\"col-lg-9\">\n\t\t\t<input type=\"text\" class=\"form-control cl-target\" id=\"input-city\" name=\"city\" value=\"\" data-initial=\"\" required>\n\t\t<\/div>\n\t<\/div>\n\t<div class=\"row mb-3\">\n\t\t<label for=\"select-country\" class=\"col-lg-3 col-form-label\">Pays<\/label>\n\t\t<div class=\"col-lg-9\">\n\t\t\t\t\t\t<select class=\"form-control cl-target\" id=\"select-country\" name=\"country\" data-initial=\"FR\">\n\t\t\t\t\t\t\t\t<option value=\"AF\">Afghanistan<\/option>\n\t\t\t\t\t\t\t\t<option value=\"ZA\">Afrique du Sud<\/option>\n\t\t\t\t\t\t\t\t<option value=\"AL\">Albanie<\/option>\n\t\t\t\t\t\t\t\t<option value=\"DZ\">Alg\u00e9rie<\/option>\n\t\t\t\t\t\t\t\t<option value=\"DE\">Allemagne<\/option>\n\t\t\t\t\t\t\t\t<option value=\"AD\">Andorre<\/option>\n\t\t\t\t\t\t\t\t<option value=\"AO\">Angola<\/option>\n\t\t\t\t\t\t\t\t<option value=\"AI\">Anguilla<\/option>\n\t\t\t\t\t\t\t\t<option value=\"AQ\">Antarctique<\/option>\n\t\t\t\t\t\t\t\t<option value=\"AG\">Antigua-et-Barbuda<\/option>\n\t\t\t\t\t\t\t\t<option value=\"AN\">Antilles n\u00e9erlandaises<\/option>\n\t\t\t\t\t\t\t\t<option value=\"SA\">Arabie saoudite<\/option>\n\t\t\t\t\t\t\t\t<option value=\"AR\">Argentine<\/option>\n\t\t\t\t\t\t\t\t<option value=\"AM\">Arm\u00e9nie<\/option>\n\t\t\t\t\t\t\t\t<option value=\"AW\">Aruba<\/option>\n\t\t\t\t\t\t\t\t<option value=\"AU\">Australie<\/option>\n\t\t\t\t\t\t\t\t<option value=\"AT\">Autriche<\/option>\n\t\t\t\t\t\t\t\t<option value=\"AZ\">Azerba\u00efdjan<\/option>\n\t\t\t\t\t\t\t\t<option value=\"BJ\">B\u00e9nin<\/option>\n\t\t\t\t\t\t\t\t<option value=\"BS\">Bahamas<\/option>\n\t\t\t\t\t\t\t\t<option value=\"BH\">Bahre\u00efn<\/option>\n\t\t\t\t\t\t\t\t<option value=\"BD\">Bangladesh<\/option>\n\t\t\t\t\t\t\t\t<option value=\"BB\">Barbade<\/option>\n\t\t\t\t\t\t\t\t<option value=\"PW\">Belau<\/option>\n\t\t\t\t\t\t\t\t<option value=\"BE\">Belgique<\/option>\n\t\t\t\t\t\t\t\t<option value=\"BZ\">Belize<\/option>\n\t\t\t\t\t\t\t\t<option value=\"BM\">Bermudes<\/option>\n\t\t\t\t\t\t\t\t<option value=\"BT\">Bhoutan<\/option>\n\t\t\t\t\t\t\t\t<option value=\"BY\">Bi\u00e9lorussie<\/option>\n\t\t\t\t\t\t\t\t<option value=\"MM\">Birmanie<\/option>\n\t\t\t\t\t\t\t\t<option value=\"BO\">Bolivie<\/option>\n\t\t\t\t\t\t\t\t<option value=\"BA\">Bosnie-Herz\u00e9govine<\/option>\n\t\t\t\t\t\t\t\t<option value=\"BW\">Botswana<\/option>\n\t\t\t\t\t\t\t\t<option value=\"BR\">Br\u00e9sil<\/option>\n\t\t\t\t\t\t\t\t<option value=\"BN\">Brunei<\/option>\n\t\t\t\t\t\t\t\t<option value=\"BG\">Bulgarie<\/option>\n\t\t\t\t\t\t\t\t<option value=\"BF\">Burkina Faso<\/option>\n\t\t\t\t\t\t\t\t<option value=\"BI\">Burundi<\/option>\n\t\t\t\t\t\t\t\t<option value=\"CI\">C\u00f4te d'Ivoire<\/option>\n\t\t\t\t\t\t\t\t<option value=\"KH\">Cambodge<\/option>\n\t\t\t\t\t\t\t\t<option value=\"CM\">Cameroun<\/option>\n\t\t\t\t\t\t\t\t<option value=\"CA\">Canada<\/option>\n\t\t\t\t\t\t\t\t<option value=\"CV\">Cap-Vert<\/option>\n\t\t\t\t\t\t\t\t<option value=\"CL\">Chili<\/option>\n\t\t\t\t\t\t\t\t<option value=\"CN\">Chine<\/option>\n\t\t\t\t\t\t\t\t<option value=\"CY\">Chypre<\/option>\n\t\t\t\t\t\t\t\t<option value=\"CO\">Colombie<\/option>\n\t\t\t\t\t\t\t\t<option value=\"KM\">Comores<\/option>\n\t\t\t\t\t\t\t\t<option value=\"CG\">Congo<\/option>\n\t\t\t\t\t\t\t\t<option value=\"KP\">Cor\u00e9e du Nord<\/option>\n\t\t\t\t\t\t\t\t<option value=\"KR\">Cor\u00e9e du Sud<\/option>\n\t\t\t\t\t\t\t\t<option value=\"CR\">Costa Rica<\/option>\n\t\t\t\t\t\t\t\t<option value=\"HR\">Croatie<\/option>\n\t\t\t\t\t\t\t\t<option value=\"CU\">Cuba<\/option>\n\t\t\t\t\t\t\t\t<option value=\"DK\">Danemark<\/option>\n\t\t\t\t\t\t\t\t<option value=\"DJ\">Djibouti<\/option>\n\t\t\t\t\t\t\t\t<option value=\"DM\">Dominique<\/option>\n\t\t\t\t\t\t\t\t<option value=\"EG\">\u00c9gypte<\/option>\n\t\t\t\t\t\t\t\t<option value=\"AE\">\u00c9mirats arabes unis<\/option>\n\t\t\t\t\t\t\t\t<option value=\"EC\">\u00c9quateur<\/option>\n\t\t\t\t\t\t\t\t<option value=\"ER\">\u00c9rythr\u00e9e<\/option>\n\t\t\t\t\t\t\t\t<option value=\"ES\">Espagne<\/option>\n\t\t\t\t\t\t\t\t<option value=\"EE\">Estonie<\/option>\n\t\t\t\t\t\t\t\t<option value=\"US\">\u00c9tats-Unis<\/option>\n\t\t\t\t\t\t\t\t<option value=\"ET\">\u00c9thiopie<\/option>\n\t\t\t\t\t\t\t\t<option value=\"FI\">Finlande<\/option>\n\t\t\t\t\t\t\t\t<option value=\"FR\" selected>France<\/option>\n\t\t\t\t\t\t\t\t<option value=\"GE\">G\u00e9orgie<\/option>\n\t\t\t\t\t\t\t\t<option value=\"GA\">Gabon<\/option>\n\t\t\t\t\t\t\t\t<option value=\"GM\">Gambie<\/option>\n\t\t\t\t\t\t\t\t<option value=\"GH\">Ghana<\/option>\n\t\t\t\t\t\t\t\t<option value=\"GI\">Gibraltar<\/option>\n\t\t\t\t\t\t\t\t<option value=\"GR\">Gr\u00e8ce<\/option>\n\t\t\t\t\t\t\t\t<option value=\"GD\">Grenade<\/option>\n\t\t\t\t\t\t\t\t<option value=\"GL\">Groenland<\/option>\n\t\t\t\t\t\t\t\t<option value=\"GP\">Guadeloupe<\/option>\n\t\t\t\t\t\t\t\t<option value=\"GU\">Guam<\/option>\n\t\t\t\t\t\t\t\t<option value=\"GT\">Guatemala<\/option>\n\t\t\t\t\t\t\t\t<option value=\"GN\">Guin\u00e9e<\/option>\n\t\t\t\t\t\t\t\t<option value=\"GQ\">Guin\u00e9e \u00e9quatoriale<\/option>\n\t\t\t\t\t\t\t\t<option value=\"GW\">Guin\u00e9e-Bissao<\/option>\n\t\t\t\t\t\t\t\t<option value=\"GY\">Guyana<\/option>\n\t\t\t\t\t\t\t\t<option value=\"GF\">Guyane fran\u00e7aise<\/option>\n\t\t\t\t\t\t\t\t<option value=\"HT\">Ha\u00efti<\/option>\n\t\t\t\t\t\t\t\t<option value=\"HN\">Honduras<\/option>\n\t\t\t\t\t\t\t\t<option value=\"HK\">Hong Kong<\/option>\n\t\t\t\t\t\t\t\t<option value=\"HU\">Hongrie<\/option>\n\t\t\t\t\t\t\t\t<option value=\"BV\">Ile Bouvet<\/option>\n\t\t\t\t\t\t\t\t<option value=\"CX\">Ile Christmas<\/option>\n\t\t\t\t\t\t\t\t<option value=\"NF\">Ile Norfolk<\/option>\n\t\t\t\t\t\t\t\t<option value=\"KY\">Iles Cayman<\/option>\n\t\t\t\t\t\t\t\t<option value=\"CK\">Iles Cook<\/option>\n\t\t\t\t\t\t\t\t<option value=\"FO\">Iles F\u00e9ro\u00e9<\/option>\n\t\t\t\t\t\t\t\t<option value=\"FK\">Iles Falkland<\/option>\n\t\t\t\t\t\t\t\t<option value=\"FJ\">Iles Fidji<\/option>\n\t\t\t\t\t\t\t\t<option value=\"GS\">Iles G\u00e9orgie du Sud et Sandwich du Sud<\/option>\n\t\t\t\t\t\t\t\t<option value=\"HM\">Iles Heard et McDonald<\/option>\n\t\t\t\t\t\t\t\t<option value=\"MH\">Iles Marshall<\/option>\n\t\t\t\t\t\t\t\t<option value=\"PN\">Iles Pitcairn<\/option>\n\t\t\t\t\t\t\t\t<option value=\"SB\">Iles Salomon<\/option>\n\t\t\t\t\t\t\t\t<option value=\"SJ\">Iles Svalbard et Jan Mayen<\/option>\n\t\t\t\t\t\t\t\t<option value=\"TC\">Iles Turks-et-Caicos<\/option>\n\t\t\t\t\t\t\t\t<option value=\"VI\">Iles Vierges am\u00e9ricaines<\/option>\n\t\t\t\t\t\t\t\t<option value=\"VG\">Iles Vierges britanniques<\/option>\n\t\t\t\t\t\t\t\t<option value=\"CC\">Iles des Cocos (Keeling)<\/option>\n\t\t\t\t\t\t\t\t<option value=\"UM\">Iles mineures \u00e9loign\u00e9es des \u00c9tats-Unis<\/option>\n\t\t\t\t\t\t\t\t<option value=\"IN\">Inde<\/option>\n\t\t\t\t\t\t\t\t<option value=\"ID\">Indon\u00e9sie<\/option>\n\t\t\t\t\t\t\t\t<option value=\"IR\">Iran<\/option>\n\t\t\t\t\t\t\t\t<option value=\"IQ\">Iraq<\/option>\n\t\t\t\t\t\t\t\t<option value=\"IE\">Irlande<\/option>\n\t\t\t\t\t\t\t\t<option value=\"IS\">Islande<\/option>\n\t\t\t\t\t\t\t\t<option value=\"IL\">Isra\u00ebl<\/option>\n\t\t\t\t\t\t\t\t<option value=\"IT\">Italie<\/option>\n\t\t\t\t\t\t\t\t<option value=\"JM\">Jama\u00efque<\/option>\n\t\t\t\t\t\t\t\t<option value=\"JP\">Japon<\/option>\n\t\t\t\t\t\t\t\t<option value=\"JO\">Jordanie<\/option>\n\t\t\t\t\t\t\t\t<option value=\"KZ\">Kazakhstan<\/option>\n\t\t\t\t\t\t\t\t<option value=\"KE\">Kenya<\/option>\n\t\t\t\t\t\t\t\t<option value=\"KG\">Kirghizistan<\/option>\n\t\t\t\t\t\t\t\t<option value=\"KI\">Kiribati<\/option>\n\t\t\t\t\t\t\t\t<option value=\"KW\">Kowe\u00eft<\/option>\n\t\t\t\t\t\t\t\t<option value=\"LA\">Laos<\/option>\n\t\t\t\t\t\t\t\t<option value=\"LS\">Lesotho<\/option>\n\t\t\t\t\t\t\t\t<option value=\"LV\">Lettonie<\/option>\n\t\t\t\t\t\t\t\t<option value=\"LB\">Liban<\/option>\n\t\t\t\t\t\t\t\t<option value=\"LR\">Liberia<\/option>\n\t\t\t\t\t\t\t\t<option value=\"LY\">Libye<\/option>\n\t\t\t\t\t\t\t\t<option value=\"LI\">Liechtenstein<\/option>\n\t\t\t\t\t\t\t\t<option value=\"LT\">Lituanie<\/option>\n\t\t\t\t\t\t\t\t<option value=\"LU\">Luxembourg<\/option>\n\t\t\t\t\t\t\t\t<option value=\"MO\">Macao<\/option>\n\t\t\t\t\t\t\t\t<option value=\"MG\">Madagascar<\/option>\n\t\t\t\t\t\t\t\t<option value=\"MY\">Malaisie<\/option>\n\t\t\t\t\t\t\t\t<option value=\"MW\">Malawi<\/option>\n\t\t\t\t\t\t\t\t<option value=\"MV\">Maldives<\/option>\n\t\t\t\t\t\t\t\t<option value=\"ML\">Mali<\/option>\n\t\t\t\t\t\t\t\t<option value=\"MT\">Malte<\/option>\n\t\t\t\t\t\t\t\t<option value=\"MP\">Mariannes du Nord<\/option>\n\t\t\t\t\t\t\t\t<option value=\"MA\">Maroc<\/option>\n\t\t\t\t\t\t\t\t<option value=\"MQ\">Martinique<\/option>\n\t\t\t\t\t\t\t\t<option value=\"MU\">Maurice<\/option>\n\t\t\t\t\t\t\t\t<option value=\"MR\">Mauritanie<\/option>\n\t\t\t\t\t\t\t\t<option value=\"YT\">Mayotte<\/option>\n\t\t\t\t\t\t\t\t<option value=\"MX\">Mexique<\/option>\n\t\t\t\t\t\t\t\t<option value=\"FM\">Micron\u00e9sie<\/option>\n\t\t\t\t\t\t\t\t<option value=\"MD\">Moldavie<\/option>\n\t\t\t\t\t\t\t\t<option value=\"MC\">Monaco<\/option>\n\t\t\t\t\t\t\t\t<option value=\"MN\">Mongolie<\/option>\n\t\t\t\t\t\t\t\t<option value=\"MS\">Montserrat<\/option>\n\t\t\t\t\t\t\t\t<option value=\"MZ\">Mozambique<\/option>\n\t\t\t\t\t\t\t\t<option value=\"NP\">N\u00e9pal<\/option>\n\t\t\t\t\t\t\t\t<option value=\"NA\">Namibie<\/option>\n\t\t\t\t\t\t\t\t<option value=\"NR\">Nauru<\/option>\n\t\t\t\t\t\t\t\t<option value=\"NI\">Nicaragua<\/option>\n\t\t\t\t\t\t\t\t<option value=\"NE\">Niger<\/option>\n\t\t\t\t\t\t\t\t<option value=\"NG\">Nigeria<\/option>\n\t\t\t\t\t\t\t\t<option value=\"NU\">Niou\u00e9<\/option>\n\t\t\t\t\t\t\t\t<option value=\"NO\">Norv\u00e8ge<\/option>\n\t\t\t\t\t\t\t\t<option value=\"NC\">Nouvelle-Cal\u00e9donie<\/option>\n\t\t\t\t\t\t\t\t<option value=\"NZ\">Nouvelle-Z\u00e9lande<\/option>\n\t\t\t\t\t\t\t\t<option value=\"OM\">Oman<\/option>\n\t\t\t\t\t\t\t\t<option value=\"UG\">Ouganda<\/option>\n\t\t\t\t\t\t\t\t<option value=\"UZ\">Ouzb\u00e9kistan<\/option>\n\t\t\t\t\t\t\t\t<option value=\"PE\">P\u00e9rou<\/option>\n\t\t\t\t\t\t\t\t<option value=\"PK\">Pakistan<\/option>\n\t\t\t\t\t\t\t\t<option value=\"PA\">Panama<\/option>\n\t\t\t\t\t\t\t\t<option value=\"PG\">Papouasie-Nouvelle-Guin\u00e9e<\/option>\n\t\t\t\t\t\t\t\t<option value=\"PY\">Paraguay<\/option>\n\t\t\t\t\t\t\t\t<option value=\"NL\">Pays-Bas<\/option>\n\t\t\t\t\t\t\t\t<option value=\"PH\">Philippines<\/option>\n\t\t\t\t\t\t\t\t<option value=\"PL\">Pologne<\/option>\n\t\t\t\t\t\t\t\t<option value=\"PF\">Polyn\u00e9sie fran\u00e7aise<\/option>\n\t\t\t\t\t\t\t\t<option value=\"PR\">Porto Rico<\/option>\n\t\t\t\t\t\t\t\t<option value=\"PT\">Portugal<\/option>\n\t\t\t\t\t\t\t\t<option value=\"QA\">Qatar<\/option>\n\t\t\t\t\t\t\t\t<option value=\"CF\">R\u00e9publique centrafricaine<\/option>\n\t\t\t\t\t\t\t\t<option value=\"CD\">R\u00e9publique d\u00e9mocratique du Congo<\/option>\n\t\t\t\t\t\t\t\t<option value=\"DO\">R\u00e9publique dominicaine<\/option>\n\t\t\t\t\t\t\t\t<option value=\"CZ\">R\u00e9publique tch\u00e8que<\/option>\n\t\t\t\t\t\t\t\t<option value=\"RE\">R\u00e9union<\/option>\n\t\t\t\t\t\t\t\t<option value=\"RO\">Roumanie<\/option>\n\t\t\t\t\t\t\t\t<option value=\"GB\">Royaume-Uni<\/option>\n\t\t\t\t\t\t\t\t<option value=\"RU\">Russie<\/option>\n\t\t\t\t\t\t\t\t<option value=\"RW\">Rwanda<\/option>\n\t\t\t\t\t\t\t\t<option value=\"SN\">S\u00e9n\u00e9gal<\/option>\n\t\t\t\t\t\t\t\t<option value=\"EH\">Sahara occidental<\/option>\n\t\t\t\t\t\t\t\t<option value=\"KN\">Saint-Christophe-et-Ni\u00e9v\u00e8s<\/option>\n\t\t\t\t\t\t\t\t<option value=\"SM\">Saint-Marin<\/option>\n\t\t\t\t\t\t\t\t<option value=\"PM\">Saint-Pierre-et-Miquelon<\/option>\n\t\t\t\t\t\t\t\t<option value=\"VA\">Saint-Si\u00e8ge <\/option>\n\t\t\t\t\t\t\t\t<option value=\"VC\">Saint-Vincent-et-les-Grenadines<\/option>\n\t\t\t\t\t\t\t\t<option value=\"SH\">Sainte-H\u00e9l\u00e8ne<\/option>\n\t\t\t\t\t\t\t\t<option value=\"LC\">Sainte-Lucie<\/option>\n\t\t\t\t\t\t\t\t<option value=\"SV\">Salvador<\/option>\n\t\t\t\t\t\t\t\t<option value=\"WS\">Samoa<\/option>\n\t\t\t\t\t\t\t\t<option value=\"AS\">Samoa am\u00e9ricaines<\/option>\n\t\t\t\t\t\t\t\t<option value=\"ST\">Sao Tom\u00e9-et-Principe<\/option>\n\t\t\t\t\t\t\t\t<option value=\"SC\">Seychelles<\/option>\n\t\t\t\t\t\t\t\t<option value=\"SL\">Sierra Leone<\/option>\n\t\t\t\t\t\t\t\t<option value=\"SG\">Singapour<\/option>\n\t\t\t\t\t\t\t\t<option value=\"SI\">Slov\u00e9nie<\/option>\n\t\t\t\t\t\t\t\t<option value=\"SK\">Slovaquie<\/option>\n\t\t\t\t\t\t\t\t<option value=\"SO\">Somalie<\/option>\n\t\t\t\t\t\t\t\t<option value=\"SD\">Soudan<\/option>\n\t\t\t\t\t\t\t\t<option value=\"LK\">Sri Lanka<\/option>\n\t\t\t\t\t\t\t\t<option value=\"SE\">Su\u00e8de<\/option>\n\t\t\t\t\t\t\t\t<option value=\"CH\">Suisse<\/option>\n\t\t\t\t\t\t\t\t<option value=\"SR\">Suriname<\/option>\n\t\t\t\t\t\t\t\t<option value=\"SZ\">Swaziland<\/option>\n\t\t\t\t\t\t\t\t<option value=\"SY\">Syrie<\/option>\n\t\t\t\t\t\t\t\t<option value=\"TW\">Ta\u00efwan<\/option>\n\t\t\t\t\t\t\t\t<option value=\"TJ\">Tadjikistan<\/option>\n\t\t\t\t\t\t\t\t<option value=\"TZ\">Tanzanie<\/option>\n\t\t\t\t\t\t\t\t<option value=\"TD\">Tchad<\/option>\n\t\t\t\t\t\t\t\t<option value=\"TF\">Terres australes fran\u00e7aises<\/option>\n\t\t\t\t\t\t\t\t<option value=\"IO\">Territoire britannique de l'Oc\u00e9an Indien<\/option>\n\t\t\t\t\t\t\t\t<option value=\"TH\">Tha\u00eflande<\/option>\n\t\t\t\t\t\t\t\t<option value=\"TL\">Timor Oriental<\/option>\n\t\t\t\t\t\t\t\t<option value=\"TG\">Togo<\/option>\n\t\t\t\t\t\t\t\t<option value=\"TK\">Tok\u00e9laou<\/option>\n\t\t\t\t\t\t\t\t<option value=\"TO\">Tonga<\/option>\n\t\t\t\t\t\t\t\t<option value=\"TT\">Trinit\u00e9-et-Tobago<\/option>\n\t\t\t\t\t\t\t\t<option value=\"TN\">Tunisie<\/option>\n\t\t\t\t\t\t\t\t<option value=\"TM\">Turkm\u00e9nistan<\/option>\n\t\t\t\t\t\t\t\t<option value=\"TR\">Turquie<\/option>\n\t\t\t\t\t\t\t\t<option value=\"TV\">Tuvalu<\/option>\n\t\t\t\t\t\t\t\t<option value=\"UA\">Ukraine<\/option>\n\t\t\t\t\t\t\t\t<option value=\"UY\">Uruguay<\/option>\n\t\t\t\t\t\t\t\t<option value=\"VU\">Vanuatu<\/option>\n\t\t\t\t\t\t\t\t<option value=\"VE\">Venezuela<\/option>\n\t\t\t\t\t\t\t\t<option value=\"VN\">Vi\u00eat Nam<\/option>\n\t\t\t\t\t\t\t\t<option value=\"WF\">Wallis-et-Futuna<\/option>\n\t\t\t\t\t\t\t\t<option value=\"YE\">Y\u00e9men<\/option>\n\t\t\t\t\t\t\t\t<option value=\"YU\">Yougoslavie<\/option>\n\t\t\t\t\t\t\t\t<option value=\"ZM\">Zambie<\/option>\n\t\t\t\t\t\t\t\t<option value=\"ZW\">Zimbabwe<\/option>\n\t\t\t\t\t\t\t\t<option value=\"MK\">ex-R\u00e9publique yougoslave de Mac\u00e9doine<\/option>\n\t\t\t\t\t\t\t<\/select>\n\t\t<\/div>\n\t<\/div>\n\t<div class=\"row mb-3\">\n\t\t<label for=\"input-email\" class=\"col-lg-3 col-form-label\">Email<\/label>\n\t\t<div class=\"col-lg-9\">\n\t\t\t\t\t\t<input type=\"email\" class=\"form-control cl-target\" id=\"input-email\" name=\"user_email\" value=\"\" data-initial=\"\" data-feedback=\"email-feedback\" required>\n\t\t\t<div class=\"invalid-feedback\" id=\"email-feedback\"><\/div>\n\t\t<\/div>\n\t<\/div>\n\t<div class=\"row mb-3\">\n\t\t<label for=\"input-tel\" class=\"col-lg-3 col-form-label\">T\u00e9l<\/label>\n\t\t<div class=\"col-lg-9\">\n\t\t\t<input type=\"text\" class=\"form-control cl-target\" id=\"input-tel\" name=\"tel\" value=\"\" data-initial=\"\" required>\n\t\t<\/div>\n\t<\/div>\n\t<div class=\"row mb-3\">\n\t\t<label for=\"input-affilication\" class=\"col-lg-3 col-form-label\">Institution de rattachement (en japonais) *<\/label>\n\t\t<div class=\"col-lg-9\">\n\t\t\t<input type=\"text\" class=\"form-control cl-target\" id=\"input-affiliation\" name=\"affiliation\" value=\"\" data-initial=\"\" required>\n\t\t<\/div>\n\t<\/div>\n\t<div class=\"row mb-3\">\n\t\t<label for=\"input-affilication-fr\" class=\"col-lg-3 col-form-label\">Institution de rattachement (en fran\u00e7ais ou en anglais) *<\/label>\n\t\t<div class=\"col-lg-9\">\n\t\t\t<input type=\"text\" class=\"form-control cl-target\" id=\"input-affiliation-fr\" name=\"affiliation_fr\" value=\"\" data-initial=\"\" required>\n\t\t\t<p class=\"text-secondary mb-0\"><small>* Veuillez indiquer le nom officiel et non les initiales<\/small><\/p>\n\t\t<\/div>\n\t<\/div>\n\t<fieldset class=\"row mb-3\">\n\t\t<label class=\"col-lg-3 col-form-label pt-0\">Mode de paiement<\/label>\n\t\t<div class=\"col-lg-9\">\n\t\t\t<div class=\"form-check\">\n\t\t\t\t<input type=\"radio\" class=\"form-check-input cl-target\" id=\"payment_method_1\" name=\"payment_method\" value=\"Bankwire\" checked>\n\t\t\t\t<label for=\"payment_method_1\" class=\"form-check-label\">Virement<\/label>\n\t\t\t<\/div>\n\t\t\t<div class=\"form-check\">\n\t\t\t\t<input type=\"radio\" class=\"form-check-input cl-target\" id=\"payment_method_2\" name=\"payment_method\" value=\"Credit card\">\n\t\t\t\t<label for=\"payment_method_2\" class=\"form-check-label\">CB<\/label>\n\t\t\t<\/div>\n\t\t\t<input type=\"hidden\" id=\"payment_method_initialval\" value=\"Bankwire\">\n\t\t<\/div>\n\t<\/fieldset>\n\t<div class=\"row mb-3\">\n\t\t<label for=\"textarea-message\" class=\"col-lg-3 col-form-label\">Remarques (facultatif)<\/label>\n\t\t<div class=\"col-lg-9\">\n\t\t\t<textarea class=\"form-control cl-target\" id=\"textarea-message\" name=\"message\" data-initial=\"\"><\/textarea>\n\t\t<\/div>\n\t<\/div>\n\t<fieldset class=\"row justify-content-end mb-3\">\n\t\t<div class=\"col-lg-9\">\n\t\t\t<div class=\"form-check\">\n\t\t\t\t<input type=\"checkbox\" class=\"form-check-input cl-target\" id=\"accept_purpose\" name=\"accept_purpose\" value=\"1\" data-initial=\"0\" required>\n\t\t\t\t<label for=\"accept_purpose\" class=\"form-check-label\">J'approuve l'objet de l'Association des enseignants de japonais en France, et souhaite y adh\u00e9rer<\/label>\n\t\t\t<\/div>\n\t\t<\/div>\n\t<\/fieldset>\n\t<fieldset class=\"row justify-content-end mb-3\">\n\t\t<div class=\"col-lg-9\">\n\t\t\t<p class=\"mb-0\">J'accepte que les informations suivantes apparaissent sur la liste des membres :<\/p>\n\t\t\t<div class=\"form-check\">\n\t\t\t\t<input type=\"checkbox\" class=\"form-check-input cl-target\" id=\"accept_description\" name=\"accept_description\" value=\"1\" data-initial=\"1\" checked>\n\t\t\t\t<label for=\"accept_description\" class=\"form-check-label\">Nom et pr\u00e9nom<\/label>\n\t\t\t<\/div>\n\t\t\t<div class=\"form-check\">\n\t\t\t\t<input type=\"checkbox\" class=\"form-check-input cl-target\" id=\"accept_description_city\" name=\"accept_description_city\" value=\"1\" data-initial=\"1\" checked>\n\t\t\t\t<label for=\"accept_description_city\" class=\"form-check-label\">Ville<\/label>\n\t\t\t<\/div>\n\t\t\t<div class=\"form-check\">\n\t\t\t\t<input type=\"checkbox\" class=\"form-check-input cl-target\" id=\"accept_description_affiliation\" name=\"accept_description_affiliation\" value=\"1\" data-initial=\"1\" checked>\n\t\t\t\t<label for=\"accept_description_affiliation\" class=\"form-check-label\">Institution de rattachement<\/label>\n\t\t\t<\/div>\n\t\t<\/div>\n\t<\/fieldset>\n\t<fieldset class=\"row mb-3\">\n\t\t<label class=\"col-lg-3 col-form-label pt-0\">Newsletter (gratuit)<\/label>\n\t\t<div class=\"col-lg-9\">\n\t\t\t<div class=\"form-check\">\n\t\t\t\t<input type=\"checkbox\" class=\"form-check-input cl-target\" id=\"check-newsletter\" name=\"newsletter\" value=\"1\" data-initial=\"1\" checked>\n\t\t\t\t<label for=\"check-newsletter\" class=\"form-check-label\">S'abonner<\/label>\n\t\t\t<\/div>\n\t\t<\/div>\n\t<\/fieldset>\n\t<div class=\"row justify-content-end mb-5\">\n\t\t<div class=\"col-lg-9\">\n\t\t\t<button type=\"submit\" class=\"btn btn-primary submit-btn mb-2\" disabled><i class=\"fa-solid fa-paper-plane\"><\/i> Envoyer<\/button>\n\t\t\t<div class=\"alert alert-dismissible fade collapse mb-2\" id=\"enr-application-alert\" role=\"alert\">\n\t\t\t\t<p class=\"message\"><\/p>\n\t\t\t\t<button type=\"button\" class=\"btn-close\" aria-label=\"Close\"><\/button>\n\t\t\t<\/div>\n\t\t<\/div>\n\t<\/div>\n<\/form>\n\n<\/blockquote>\n\n\n\n<h2 class=\"wp-block-heading mt-5\">2) R\u00e8glement du montant de votre adh\u00e9sion<\/h2>\n\n\n\n<p>Vous pouvez effectuer votre paiement par&nbsp;<strong>virement bancaire<\/strong>, ou par&nbsp;<strong>carte bancaire<\/strong>&nbsp;sur la plateforme HelloAsso.<\/p>\n\n\n\n<p>Les cotisations sont valables du 1er janvier au 31 d\u00e9cembre de l\u2019ann\u00e9e en cours, quelle que soit la date d\u2019adh\u00e9sion.<\/p>\n\n\n\n<p>Nous vous rappelons que la cotisation de l\u2019ann\u00e9e est \u00e0 r\u00e9gler avant la fin juin.<\/p>\n\n\n\n<p>Exemple : la date limite de r\u00e8glement de cotisation de l\u2019ann\u00e9e 2025 est le 30 juin 2025.<\/p>\n\n\n\n<p>Les cotisations sont importantes pour les activit\u00e9s de l\u2019association.<\/p>\n\n\n\n<p>Nous vous remercions de votre compr\u00e9hension et de votre coop\u00e9ration.<\/p>\n\n\n\n<p>(Modifi\u00e9 en mars 2025)<\/p>\n\n\n\n<p>\u2192&nbsp;<a href=\"https:\/\/test-aejf.cerf-web.fr\/fr\/association-des-enseignants-de-japonais-en-france-aejf\/payment\" data-type=\"page\" data-id=\"1840\">Paiement des frais d\u2019adh\u00e9sion&nbsp;et&nbsp;de la cotisation<\/a><\/p>\n\n\n\n<p><\/p>\n","protected":false},"excerpt":{"rendered":"<p>Pour devenir membre, il suffit de remplir le formulaire suivant et d&rsquo;effectuer votre r\u00e8glement. Vous pou [&hellip;]<\/p>\n","protected":false},"author":296,"featured_media":0,"parent":1785,"menu_order":0,"comment_status":"closed","ping_status":"closed","template":"","meta":{"_locale":"fr_FR","_original_post":"https:\/\/test-aejf.cerf-web.fr\/?page_id=1788","footnotes":""},"class_list":["post-1791","page","type-page","status-publish","hentry","fr-FR"],"_links":{"self":[{"href":"https:\/\/test-aejf.cerf-web.fr\/wp-json\/wp\/v2\/pages\/1791","targetHints":{"allow":["GET"]}}],"collection":[{"href":"https:\/\/test-aejf.cerf-web.fr\/wp-json\/wp\/v2\/pages"}],"about":[{"href":"https:\/\/test-aejf.cerf-web.fr\/wp-json\/wp\/v2\/types\/page"}],"author":[{"embeddable":true,"href":"https:\/\/test-aejf.cerf-web.fr\/wp-json\/wp\/v2\/users\/296"}],"replies":[{"embeddable":true,"href":"https:\/\/test-aejf.cerf-web.fr\/wp-json\/wp\/v2\/comments?post=1791"}],"version-history":[{"count":14,"href":"https:\/\/test-aejf.cerf-web.fr\/wp-json\/wp\/v2\/pages\/1791\/revisions"}],"predecessor-version":[{"id":2612,"href":"https:\/\/test-aejf.cerf-web.fr\/wp-json\/wp\/v2\/pages\/1791\/revisions\/2612"}],"up":[{"embeddable":true,"href":"https:\/\/test-aejf.cerf-web.fr\/wp-json\/wp\/v2\/pages\/1785"}],"wp:attachment":[{"href":"https:\/\/test-aejf.cerf-web.fr\/wp-json\/wp\/v2\/media?parent=1791"}],"curies":[{"name":"wp","href":"https:\/\/api.w.org\/{rel}","templated":true}]}}